{"id":1027,"date":"2015-06-07T14:11:15","date_gmt":"2015-06-07T12:11:15","guid":{"rendered":"http:\/\/www.pixelblende.de\/?page_id=1027"},"modified":"2020-01-22T17:44:09","modified_gmt":"2020-01-22T15:44:09","slug":"urlaub-in-daenemark","status":"publish","type":"page","link":"https:\/\/www.pixelblende.de\/?page_id=1027","title":{"rendered":"Urlaub"},"content":{"rendered":"<p>Hier findet ihr alle Photos rund um das Thema Urlaub!<\/p>\n<p><span style=\"text-decoration: underline;\"><span style=\"color: #3366ff;\"><a href=\"https:\/\/www.pixelblende.de\/?page_id=52\"><span style=\"color: #3366ff; text-decoration: underline;\">Schottland 2013<\/span><\/a><\/span><\/span><br \/>\nImpressionen aus dem gemeinsamen Schottland-Urlaub 2013<\/p>\n<p><span style=\"text-decoration: underline; color: #3366ff;\"><a style=\"color: #3366ff; text-decoration: underline;\" href=\"https:\/\/www.pixelblende.de\/?page_id=271\">D\u00e4nemark 2014<\/a><\/span><br \/>\nUnser sonniger D\u00e4nemarkurlaub im M\u00e4rz 2014<\/p>\n<p><span style=\"text-decoration: underline;\"><span style=\"color: #3366ff;\"><a style=\"color: #3366ff; text-decoration: underline;\" href=\"https:\/\/www.pixelblende.de\/?page_id=911\">D\u00e4nemark 2015<\/a><\/span><\/span><br \/>\nEin paar Eindr\u00fccke aus dem etwas verregneten Danmark-Urlaub \ud83d\ude09<\/p>\n<p><span style=\"text-decoration: underline; color: #3366ff;\"><a style=\"color: #3366ff; text-decoration: underline;\" href=\"https:\/\/www.pixelblende.de\/?page_id=1464\">Hinterstein 2015<\/a><\/span><br \/>\nEindr\u00fccke aus unserem Allg\u00e4u-Urlaub in Hinterstein bei (meist) gutem Wetter<\/p>\n<p><span style=\"text-decoration: underline;\"><span style=\"color: #3366ff;\"><a style=\"color: #3366ff; text-decoration: underline;\" href=\"https:\/\/www.pixelblende.de\/?page_id=1723\">D\u00e4nemark 2016<\/a><\/span><\/span><br \/>\nNew year &#8211; same location! 1 Woche sonniges relaxen in D\u00e4nemark<\/p>\n<p><a href=\"https:\/\/www.pixelblende.de\/?page_id=1818\"><span style=\"color: #3366ff;\">D\u00e4nemark 2017<\/span><\/a><br \/>\nSame as every year<\/p>\n<p><a href=\"https:\/\/www.pixelblende.de\/?page_id=1882\"><span style=\"color: #00ccff;\"><span style=\"color: #0000ff;\"><span style=\"color: #3366ff;\">D\u00e4nemark 2018<\/span><\/span><\/span><\/a><br \/>\n&#8230; der Winterurlaub! \ud83d\ude09<\/p>\n<p>Zur\u00fcck zur <span style=\"text-decoration: underline; color: #3366ff;\"><a style=\"color: #3366ff;\" href=\"https:\/\/www.pixelblende.de\/?page_id=114\">Galerie<\/a><\/span><\/p>\n","protected":false},"excerpt":{"rendered":"<p>Hier findet ihr alle Photos rund um das Thema Urlaub! Schottland 2013 Impressionen aus dem gemeinsamen Schottland-Urlaub 2013 D\u00e4nemark 2014 Unser sonniger D\u00e4nemarkurlaub im M\u00e4rz 2014 D\u00e4nemark 2015 Ein paar&#8230; <span class=\"more-link\"><a href=\"https:\/\/www.pixelblende.de\/?page_id=1027\">Weiterlesen<\/a><\/span><\/p>\n","protected":false},"author":1,"featured_media":0,"parent":114,"menu_order":0,"comment_status":"open","ping_status":"closed","template":"","meta":{"ngg_post_thumbnail":0,"footnotes":""},"class_list":["post-1027","page","type-page","status-publish","hentry"],"_links":{"self":[{"href":"https:\/\/www.pixelblende.de\/index.php?rest_route=\/wp\/v2\/pages\/1027","targetHints":{"allow":["GET"]}}],"collection":[{"href":"https:\/\/www.pixelblende.de\/index.php?rest_route=\/wp\/v2\/pages"}],"about":[{"href":"https:\/\/www.pixelblende.de\/index.php?rest_route=\/wp\/v2\/types\/page"}],"author":[{"embeddable":true,"href":"https:\/\/www.pixelblende.de\/index.php?rest_route=\/wp\/v2\/users\/1"}],"replies":[{"embeddable":true,"href":"https:\/\/www.pixelblende.de\/index.php?rest_route=%2Fwp%2Fv2%2Fcomments&post=1027"}],"version-history":[{"count":11,"href":"https:\/\/www.pixelblende.de\/index.php?rest_route=\/wp\/v2\/pages\/1027\/revisions"}],"predecessor-version":[{"id":2063,"href":"https:\/\/www.pixelblende.de\/index.php?rest_route=\/wp\/v2\/pages\/1027\/revisions\/2063"}],"up":[{"embeddable":true,"href":"https:\/\/www.pixelblende.de\/index.php?rest_route=\/wp\/v2\/pages\/114"}],"wp:attachment":[{"href":"https:\/\/www.pixelblende.de\/index.php?rest_route=%2Fwp%2Fv2%2Fmedia&parent=1027"}],"curies":[{"name":"wp","href":"https:\/\/api.w.org\/{rel}","templated":true}]}}