{"id":1723,"date":"2016-06-05T15:14:01","date_gmt":"2016-06-05T13:14:01","guid":{"rendered":"http:\/\/www.pixelblende.de\/?page_id=1723"},"modified":"2016-06-05T15:18:07","modified_gmt":"2016-06-05T13:18:07","slug":"daenemark-2016","status":"publish","type":"page","link":"https:\/\/www.pixelblende.de\/?page_id=1723","title":{"rendered":"D\u00e4nemark 2016"},"content":{"rendered":"ngg_shortcode_0_placeholder\n<p>hier werde ich Schritt f\u00fcr Schritt die Urlaubsfotos von unserem 2016er D\u00e4nemarkurlaub hochladen. Man mag es kaum glauben: 1 Woche kompletter Sonnenschein im Juni &#8211; entgegen den Ank\u00fcndigungen im Wetterbericht! \ud83d\ude09<\/p>\n","protected":false},"excerpt":{"rendered":"<p>hier werde ich Schritt f\u00fcr Schritt die Urlaubsfotos von unserem 2016er D\u00e4nemarkurlaub hochladen. Man mag es kaum glauben: 1 Woche kompletter Sonnenschein im Juni &#8211; entgegen den Ank\u00fcndigungen im Wetterbericht!&#8230; <span class=\"more-link\"><a href=\"https:\/\/www.pixelblende.de\/?page_id=1723\">Weiterlesen<\/a><\/span><\/p>\n","protected":false},"author":1,"featured_media":0,"parent":1027,"menu_order":0,"comment_status":"closed","ping_status":"closed","template":"","meta":{"ngg_post_thumbnail":0,"footnotes":""},"class_list":["post-1723","page","type-page","status-publish","hentry"],"_links":{"self":[{"href":"https:\/\/www.pixelblende.de\/index.php?rest_route=\/wp\/v2\/pages\/1723","targetHints":{"allow":["GET"]}}],"collection":[{"href":"https:\/\/www.pixelblende.de\/index.php?rest_route=\/wp\/v2\/pages"}],"about":[{"href":"https:\/\/www.pixelblende.de\/index.php?rest_route=\/wp\/v2\/types\/page"}],"author":[{"embeddable":true,"href":"https:\/\/www.pixelblende.de\/index.php?rest_route=\/wp\/v2\/users\/1"}],"replies":[{"embeddable":true,"href":"https:\/\/www.pixelblende.de\/index.php?rest_route=%2Fwp%2Fv2%2Fcomments&post=1723"}],"version-history":[{"count":4,"href":"https:\/\/www.pixelblende.de\/index.php?rest_route=\/wp\/v2\/pages\/1723\/revisions"}],"predecessor-version":[{"id":1733,"href":"https:\/\/www.pixelblende.de\/index.php?rest_route=\/wp\/v2\/pages\/1723\/revisions\/1733"}],"up":[{"embeddable":true,"href":"https:\/\/www.pixelblende.de\/index.php?rest_route=\/wp\/v2\/pages\/1027"}],"wp:attachment":[{"href":"https:\/\/www.pixelblende.de\/index.php?rest_route=%2Fwp%2Fv2%2Fmedia&parent=1723"}],"curies":[{"name":"wp","href":"https:\/\/api.w.org\/{rel}","templated":true}]}}